{"id":512,"date":"2022-05-10T11:13:14","date_gmt":"2022-05-10T11:13:14","guid":{"rendered":"https:\/\/www.intercambiosantiago.com\/?page_id=512"},"modified":"2022-06-29T13:38:48","modified_gmt":"2022-06-29T13:38:48","slug":"terminos-y-condiciones","status":"publish","type":"page","link":"https:\/\/www.intercambiosantiago.com\/es\/terminos-y-condiciones\/","title":{"rendered":"Terminos y Condiciones"},"content":{"rendered":"<section class=\"wpb-content-wrapper\">[vc_row][vc_column][vc_empty_space][\/vc_column][\/vc_row][vc_row][vc_column][vc_column_text color=&#8221;#3687c4&#8243;]<strong>T\u00e9rminos &amp;\u00a0Condiciones<\/strong><\/p>\n<p>Una vez reservado un viaje con Intercambio en Santiago SpA y realizada la confirmaci\u00f3n del mismo, el cliente acepta las condiciones y servicios que se detallan en los siguientes p\u00e1rrafos, de forma individual y\/o representando al grupo de inscripci\u00f3n, el uso de los servicios ofrecidos est\u00e1 condicionado a la aceptaci\u00f3n total de este documento.<\/p>\n<ol>\n<li><strong>Contrato de Viaje<\/strong><\/li>\n<\/ol>\n<p>Intercambio en Santiago SPA. Es una agencia de viajes mayorista y minorista, es decir, que dise\u00f1a y proporciona paquetes tur\u00edsticos, productos y servicios, propios o de terceros, que pueden comprender, transporte, hospedaje, asesor\u00eda, etc.<\/p>\n<p>En consecuencia, Intercambio en Santiago SpA, puede actuar directamente como organizador integro de los paquetes tur\u00edsticos, que incluyen actividades de otras empresas y\/o agencias de viajes, o como intermediario entre otros proveedores de servicio y el cliente final.<\/p>\n<p>Intercambio en Santiago SpA, ofrece tours de un d\u00eda, paquetes tur\u00edsticos completos a destinos seleccionados, de 2 o m\u00e1s d\u00edas. Las excursiones de un d\u00eda son productos predeterminados que solo duran un solo d\u00eda e incluyen transporte, gu\u00eda tur\u00edstico, entrada y snack, que se pueden ofrecer de manera regular o privada. Los programas son paquetes tur\u00edsticos predeterminados que duran m\u00e1s de una noche e incluyen transporte, gu\u00eda tur\u00edstico, entrada, comida y alojamiento. Se pueden ofrecer de forma regular o privada. Los programas a medida son paquetes tur\u00edsticos privados dise\u00f1ados exclusivamente para el Cliente que pueden realizarse durante un d\u00eda o el tiempo que el Cliente lo solicite.<\/p>\n<p>&nbsp;<\/p>\n<p>El Cliente puede reservar los servicios de Intercambio en Santiago SpA a trav\u00e9s de su sitio web oficial, por correo electr\u00f3nico o whatsapp. Tambi\u00e9n es posible que el Cliente se registre en nombre de otros participantes (que se individualizar\u00e1n en una lista), para los cuales \u00e9l \/ ella asume la responsabilidad contractual completa mediante una declaraci\u00f3n por separado. El contrato se hace efectivo una vez que se realiza la reserva. Se entiende que la reserva se realiza una vez que el Cliente recibe un documento de confirmaci\u00f3n de viaje en su correo electr\u00f3nico o whatsapp. Todas las comunicaciones entre Intercambio en Santiago SpA y el Cliente se realizar\u00e1n preferiblemente por correo electr\u00f3nico o whatsapp y si no es posible, por tel\u00e9fono.<\/p>\n<p>En todo lo no previsto en estos t\u00e9rminos y condiciones, se aplicar\u00e1 la Ley de Protecci\u00f3n al Consumidor (<a href=\"https:\/\/www.leychile.cl\/Navegar?idNorma=61438\"><strong>Ley N \u00b0 19496<\/strong><\/a>)<\/p>\n<p>&nbsp;<\/p>\n<p>&nbsp;<\/p>\n<ol start=\"2\">\n<li><strong> Reserva y Pago<\/strong><\/li>\n<\/ol>\n<p>Para reservar el paquete tur\u00edstico, el Cliente proceder\u00e1 con el siguiente horario de pago el cual depender\u00e1 seg\u00fan el paquete tur\u00edstico seleccionado:<\/p>\n<p><strong>2.1 Para excursiones de un d\u00eda:\u00a0<\/strong>El 100% del precio total del viaje debe ser pagado 48 horas antes del inicio del tour. As\u00ed, el paquete s\u00f3lo se considerar\u00e1 reservado cuando el 100% del pago se haya realizado.<\/p>\n<p><strong>2.2 Para\u00a0Programas<\/strong><strong> Nacionales en bus<\/strong><strong>:\u00a0<\/strong>El 100% del precio total del programa debe ser pagado 48 antes del inicio del tour. As\u00ed, el paquete s\u00f3lo se considerar\u00e1 reservado cuando el 100% del pago se haya realizado.<\/p>\n<p><strong>2.<\/strong><strong>3<\/strong><strong> Para\u00a0Programas<\/strong><strong> Internacionales en Bus<\/strong><strong>:\u00a0<\/strong>El 100% del precio total del programa debe ser pagado 96 horas antes del inicio del tour. As\u00ed, el paquete s\u00f3lo se considerar\u00e1 reservado cuando el 100% del pago se haya realizado.<\/p>\n<p><strong>2.<\/strong><strong>4<\/strong><strong> Para\u00a0Programas<\/strong><strong> Nacionales en Avi\u00f3n<\/strong><strong>:\u00a0<\/strong>El 100% del precio total del programa debe ser pagado 96 horas antes del inicio del tour. As\u00ed, el paquete s\u00f3lo se considerar\u00e1 reservado cuando el 100% del pago se haya realizado.<\/p>\n<p><strong>2.<\/strong><strong>5<\/strong><strong> Paquetes a medida:\u00a0<\/strong>Por regla general, un 50% del precio total del paquete tur\u00edstico debe ser pagado antes del inicio del tour. Este 500% es un deposito no reembolsable. En algunas circunstancias (las cuales depender\u00e1n en el proveedor interno, y en cuyo caso Intercambio en Santiago informar\u00e1 al Cliente de antemano) tal monto puede ser mayor. Como consecuencia, un paquete a medida s\u00f3lo se considerar\u00e1 reservado cuando un 50% (o m\u00e1s) del pago se haya realizado. N\u00f3tese que el 50% restante del precio (o menos) debe ser pagado un mes antes del inicio del tour. En el caso de que una reserva se haga dentro de 10 d\u00edas naturales antes del inicio del tour, el Cliente pagar\u00e1 el 100% del precio. Al recibir el pago final, Intercambio en Santiago SpA enviar\u00e1 al Cliente todos los cupones del hotel, vuelo y otros documentos de viajes relevantes requeridos por el viaje dentro de 72 horas.<\/p>\n<p><strong>2.6 Reservas:<\/strong> En algunas ocasiones, se podr\u00e1 reservar con un porcentaje del viaje, el cual ser\u00e1 debidamente informado, este porcentaje actuar\u00e1 como reserva y no ser\u00e1 rembolsable ante la cancelaci\u00f3n de cualquier tipo por parte del cliente.<\/p>\n<ol start=\"3\">\n<li><strong> Servicios y cambios a servicios<\/strong><\/li>\n<\/ol>\n<p>Los servicios prestados por Intercambio en Santiago SpA son los que est\u00e1n mencionados en la descripci\u00f3n de servicios en la propuesta de viaje (programas a medida) y en su sitio web oficial https:\/\/www.Intercambio en Santiago SpA.travel\/es\/ (excursiones de un d\u00eda, programas predeterminados). Los detalles relacionados ser\u00e1n proporcionados en el documento de confirmaci\u00f3n de viaje que se env\u00eda cuando se ha realizado el pago de reservaci\u00f3n. Los detalles contenidos en la propuesta de viaje o en el sitio web oficial son vinculantes para Intercambio en Santiago SpA.<\/p>\n<p>Sin embargo, Intercambio en Santiago SpA se reserva el derecho de declarar un cambio en los detalles antes de que se realice la confirmaci\u00f3n de viaje en casos de fuerza mayor, caso fortuito o cualquier otra condici\u00f3n inevitable que arriesga la implementaci\u00f3n segura y sin contratiempos del viaje, que ser\u00e1n avisados antes del pago de reservaci\u00f3n.<\/p>\n<p>Una vez reservado el paquete tur\u00edstico, cambios o desviaciones necesarios y realizados de buena fe al servicio tur\u00edstico original mencionado en el contenido acordado de la confirmaci\u00f3n de viaje (que incluye por ejemplo pero no se limita a la sustituci\u00f3n de hoteles, modificaciones del itinerario, o invertir el orden de los lugares a visitar), son permitidos siempre y cuando dichos cambios o desviaciones no sean significantes y no alteren el plan general del tour.<\/p>\n<p>Intercambio en Santiago SpA notificar\u00e1 al Cliente sobre semejantes cambios al menos 12 horas antes del inicio del paquete tur\u00edstico (excepto en casos de fuerza mayor y acontecimiento fortuito en cuyo caso Intercambio en Santiago SpA debe notificar al Cliente lo m\u00e1s pronto posible). Previa solicitud del Cliente, Intercambio en Santiago ofrecer\u00e1 al Cliente un cambio gratis en la reserva o una cancelaci\u00f3n gratis sin hacerse responsable de da\u00f1os resultantes. Si en la opini\u00f3n de Intercambio en Santiago un cambio SpA significante a un servicio importante o la cancelaci\u00f3n total del servicio es hecho o notificado debido a circunstancias que exceden de la responsabilidad de intercambio en Santiago SpA o debido a situaciones de fuerza mayor o acontecimiento fortuito, Intercambio en Santiago SpA notificar\u00e1 al Cliente lo antes posible sin hacerse responsable del reembolso de dinero.<\/p>\n<ol start=\"4\">\n<li><strong> Retiro por parte del Cliente y cambios a la reserva<\/strong><\/li>\n<\/ol>\n<p>Respecto a los retiros, art\u00edculo 3 bis b) de la Ley de Protecci\u00f3n del Consumidor no es aplicable. La fecha de cancelaci\u00f3n es la fecha en la que la compa\u00f1\u00eda recibe el aviso del retiro del Cliente, el cual se har\u00e1 por escrito (en persona o por email). El Cliente siempre puede retirarse antes del inicio del tour, teniendo en cuenta que las siguientes tasas administrativas relacionadas con la cancelaci\u00f3n de un viaje se aplicar\u00e1n:<\/p>\n<p><strong>4.1 Cancelaciones<\/strong><\/p>\n<p><strong>Reservas <\/strong><strong>Tour de 1 d\u00eda<\/strong><strong>:<\/strong> (individuales y grupales desde Santiago)<\/p>\n<ul>\n<li>30 d\u00edas antes de la salida: cargo de cancelaci\u00f3n del 0% del precio total<\/li>\n<li>5 d\u00edas antes de la salida: cargo por cancelaci\u00f3n del 50% del precio total<\/li>\n<li>2 d\u00edas antes de la salida: cargo por cancelaci\u00f3n del 100% del precio total<\/li>\n<\/ul>\n<p><strong>Paquetes tur\u00edsticos, viajes a medida:\u00a0<\/strong>(Tours de varios d\u00edas)<\/p>\n<p>Las cancelaciones involucran cargos de los proveedores de viajes y hoteles que contemplan los costos y tarifas incurridos al cancelar las reservas confirmadas. Por lo tanto, se aplicar\u00e1n las tarifas enumeradas a continuaci\u00f3n:<\/p>\n<p><strong>Reservas <\/strong><strong>paquetes nacionales en bus<\/strong><strong>:<\/strong><\/p>\n<ul>\n<li>30 d\u00edas antes de la salida: cargo de cancelaci\u00f3n del 0% del precio total<\/li>\n<li>10 d\u00edas antes de la salida: cargo por cancelaci\u00f3n del 50% del precio total<\/li>\n<li>5 d\u00edas antes de la salida: cargo por cancelaci\u00f3n del 80% del precio total<\/li>\n<li>1 d\u00eda antes de la salida: cargo por cancelaci\u00f3n del 100% del precio total<\/li>\n<\/ul>\n<p><strong>Reservas <\/strong><strong>paquetes nacionales e internacionales en Avi\u00f3n<\/strong><strong>:<\/strong><\/p>\n<ul>\n<li>30 d\u00edas antes de la salida: cargo de cancelaci\u00f3n del 0% del precio total<\/li>\n<li>10 d\u00edas antes de la salida: cargo por cancelaci\u00f3n del 50% del precio total<\/li>\n<li>5 d\u00edas antes de la salida: cargo por cancelaci\u00f3n del 100% del precio total<\/li>\n<\/ul>\n<p><strong>Abandono:<\/strong>\u00a0no se proporcionar\u00e1 ning\u00fan reembolso si abandona voluntariamente su itinerario por cualquier motivo despu\u00e9s de que el itinerario haya comenzado.<\/p>\n<p>Nota: Si el motivo de su cancelaci\u00f3n est\u00e1 cubierto por los t\u00e9rminos de su p\u00f3liza de seguro, puede reclamar estos cargos y Intercambio en Santiago SpA le ofrecer\u00e1 la asistencia inmediata que sea razonable seg\u00fan las circunstancias.<\/p>\n<p>&nbsp;<\/p>\n<p>&nbsp;<\/p>\n<p>&nbsp;<\/p>\n<p><strong>4.2 Cambios de reserva<\/strong><\/p>\n<p>Los cambios de itinerario son posibles siempre que est\u00e9n disponibles y no generen costos adicionales para Intercambio en Santiago SpA. De lo contrario, el costo de los cambios de itinerario ser\u00e1 asumido por el Cliente.<\/p>\n<p>Servicios no utilizados: lamentamos que no haya cr\u00e9dito ni reembolso por los servicios no utilizados proporcionados en el costo de sus vacaciones. Si decide alterar sus arreglos de viaje mientras est\u00e1 en el extranjero, es su responsabilidad y no somos responsables de los extras o dificultades que puedan surgir con el viaje hacia adelante y como resultado de tales modificaciones.<\/p>\n<p>No es posible obtener cr\u00e9dito ni reembolso por documentos perdidos, extraviados, robados o destruidos que podr\u00edan ser objeto de un reclamo sobre su seguro.<\/p>\n<p>Despu\u00e9s de que se le haya enviado nuestro correo electr\u00f3nico de confirmaci\u00f3n para un paquete de viaje proporcionado por Intercambio en Santiago SpA, desea cambiar sus arreglos de viaje de cualquier manera, por ejemplo, la fecha de salida o el alojamiento elegidos, haremos todo lo posible para realizar estos cambios, pero puede que no siempre sea posible. Cualquier solicitud de cambios debe hacerse por escrito de la persona que realiz\u00f3 la reserva. Se le pedir\u00e1 que pague un cargo de administraci\u00f3n razonable y cualquier costo adicional en el que incurramos al hacer esta modificaci\u00f3n. Debe tener en cuenta que estos costos podr\u00edan aumentar cuanto m\u00e1s se acerque al momento de fecha de salida en que se realizan los cambios, y debe comunicarse con nosotros lo antes posible.<\/p>\n<p><strong>Nota:<\/strong>\u00a0Ciertos arreglos de viaje pueden no ser alterados despu\u00e9s de que se haya hecho una reserva y cualquier solicitud de modificaci\u00f3n podr\u00eda incurrir en un cargo de cancelaci\u00f3n de hasta el 100% de esa parte de los arreglos.<\/p>\n<ol start=\"5\">\n<li><strong> \u00a0 \u00a0Limitaci\u00f3n de responsabilidad:<\/strong><\/li>\n<\/ol>\n<p>El Cliente comprende que, seg\u00fan la naturaleza de los servicios ofrecidos, \u00e9l\/ella puede exponerse a riesgos y elementos de posible peligro, y que la participaci\u00f3n en excursiones de un d\u00eda y otros paquetes tur\u00edsticos ofrecidos por Intercambio en Santiago SpA implica riesgos de enfermedad, peligro para los bienes, lesiones personales y p\u00e9rdida de vida.<\/p>\n<p>El Cliente acepta que ni \u00e9l\/ella ni ninguno de sus herederos, representativos personales o legales, o familiares presentar\u00e1n demandas ni reclamar\u00e1n por la enfermedad, lesi\u00f3n, p\u00e9rdida o da\u00f1os de bienes, o p\u00e9rdida de vida que resulte de cualquier acci\u00f3n u omisi\u00f3n, inclusive cualquier negligencia por parte de Intercambio en Santiago SpA, sus empleados, directores, due\u00f1os, oficiales, agentes, contratistas u organizaciones afiliadas como consecuencia de su participaci\u00f3n en los paquetes tur\u00edsticos.<\/p>\n<ol start=\"6\">\n<li><strong>Seguro<\/strong><\/li>\n<\/ol>\n<p>Intercambio en Santiago SpA asume que el Cliente es consciente de los riesgos y peligros de participar en los paquetes tur\u00edsticos. Un certificado m\u00e9dico del estado de salud del Cliente (acreditando el que el Cliente es f\u00edsicamente calificado para ser aceptado en el viaje) ser\u00e1 requerido antes del inicio del tour. Si dicho certificado no es proporcionado por el Cliente, \u00e9l\/ella declara expresamente la exenci\u00f3n de la responsabilidad de Intercambio en Santiago SpA ya que la compa\u00f1\u00eda no se har\u00e1 responsable de cualquier enfermedad m\u00e9dica derivada de condiciones m\u00e9dicas que no fueron declaradas por el Cliente.<\/p>\n<p>A fin de prevenir emergencias m\u00e9dicas no previstas (y caras), Intercambio en Santiago SpA recomienda fuertemente la contrataci\u00f3n de un seguro de viaje apto para el paquete tur\u00edstico del Cliente. Dicho seguro deber\u00e1 incluir por lo menos da\u00f1os para accidentes personales y gastos m\u00e9dicos (idealmente, la provisi\u00f3n de una ambulancia a\u00e9rea si fuese necesario) incurridos durante el paquete.<\/p>\n<ol start=\"7\">\n<li><strong> Pol\u00edtica respecto al abuso y acoso sexual<\/strong><\/li>\n<\/ol>\n<p>Intercambio en Santiago SpA est\u00e1 en contra de cualquier tipo de discriminaci\u00f3n y especialmente contra las que se basen en la edad, raza, color, religi\u00f3n, origen nacional, estado civil, discapacidad y g\u00e9nero. La compa\u00f1\u00eda condena expresamente las conductas que aprueben o inciten a la discriminaci\u00f3n. Tambi\u00e9n rechaza cualquier tipo de acoso sexual o abuso sexual infantil que ocurriera durante los viajes. En el caso de ni\u00f1os menores de 18 a\u00f1os que participen en el viaje, una carta de consentimiento expl\u00edcito debe ser llenada por el adulto acompa\u00f1ante. Intercambio en Santiago SpA tambi\u00e9n requiere un documento legal que acredita la relaci\u00f3n que existe entre el ni\u00f1o y los adultos.<\/p>\n<ol start=\"8\">\n<li><strong> Obligaci\u00f3n a colaborar<\/strong><\/li>\n<\/ol>\n<p>El Cliente es responsable de estar en un estado de salud lo suficientemente bueno para participar en el viaje seleccionado y de llevar ropa y aparatos apropiados seg\u00fan lo recomienda Intercambio en Santiago SpA, ocuparse de su higiene personal, actuar de forma apropiada y respetuosa seg\u00fan la costumbre local y completar el itinerario seg\u00fan lo programado (o lo ajustado si fuera aplicable). El Cliente debe colaborar en el caso de interrupciones al servicio a fin de evitar cualquier da\u00f1o o reducirlos al m\u00ednimo. \u00c9l\/Ella deber\u00e1 informar al gu\u00eda tur\u00edstico local inmediatamente sobre cualquier reclamo que pueda tener.<\/p>\n<ol start=\"9\">\n<li><strong> Ineficacia de regulaciones individuales<\/strong><\/li>\n<\/ol>\n<p>La invalidez o inaplicabilidad de cualquier cl\u00e1usula de este Acuerdo no afectar\u00e1 la validez o aplicabilidad de cualquier otra provisi\u00f3n. Cualquier provisi\u00f3n inv\u00e1lida o inaplicable se considerar\u00e1 separada de este Acuerdo hasta el punto de su invalidez o inaplicabilidad, y este Acuerdo ser\u00e1 interpretado y aplicado como si el Acuerdo no contuviera esa espec\u00edfica provisi\u00f3n hasta el punto de su invalidez o inaplicabilidad.[\/vc_column_text][\/vc_column][\/vc_row]\n<\/section>","protected":false},"excerpt":{"rendered":"<p>[vc_row][vc_column][vc_empty_space][\/vc_column][\/vc_row][vc_row][vc_column][vc_column_text color=&#8221;#3687c4&#8243;]T\u00e9rminos &amp;\u00a0Condiciones Una vez reservado un viaje con Intercambio en Santiago SpA y realizada la confirmaci\u00f3n del mismo, el cliente acepta las condiciones y servicios que se detallan en los siguientes p\u00e1rrafos, de forma individual y\/o representando al grupo de inscripci\u00f3n, el uso de los servicios ofrecidos est\u00e1 condicionado a la aceptaci\u00f3n total de&hellip;<\/p>\n","protected":false},"author":1,"featured_media":0,"parent":0,"menu_order":0,"comment_status":"closed","ping_status":"closed","template":"","meta":{"site-sidebar-layout":"no-sidebar","site-content-layout":"plain-container","ast-site-content-layout":"","site-content-style":"default","site-sidebar-style":"default","ast-global-header-display":"","ast-banner-title-visibility":"","ast-main-header-display":"","ast-hfb-above-header-display":"","ast-hfb-below-header-display":"","ast-hfb-mobile-header-display":"","site-post-title":"disabled","ast-breadcrumbs-content":"","ast-featured-img":"disabled","footer-sml-layout":"","theme-transparent-header-meta":"","adv-header-id-meta":"","stick-header-meta":"","header-above-stick-meta":"","header-main-stick-meta":"","header-below-stick-meta":"","astra-migrate-meta-layouts":"","footnotes":""},"class_list":["post-512","page","type-page","status-publish","hentry"],"yoast_head":"<!-- This site is optimized with the Yoast SEO plugin v27.4 - https:\/\/yoast.com\/product\/yoast-seo-wordpress\/ -->\n<title>Terminos y Condiciones -<\/title>\n<meta name=\"robots\" content=\"index, follow, max-snippet:-1, max-image-preview:large, max-video-preview:-1\" \/>\n<link rel=\"canonical\" href=\"https:\/\/www.intercambiosantiago.com\/es\/terminos-y-condiciones\/\" \/>\n<meta property=\"og:locale\" content=\"es_ES\" \/>\n<meta property=\"og:type\" content=\"article\" \/>\n<meta property=\"og:title\" content=\"Terminos y Condiciones -\" \/>\n<meta property=\"og:description\" content=\"[vc_row][vc_column][vc_empty_space][\/vc_column][\/vc_row][vc_row][vc_column][vc_column_text color=&#8221;#3687c4&#8243;]T\u00e9rminos &amp;\u00a0Condiciones Una vez reservado un viaje con Intercambio en Santiago SpA y realizada la confirmaci\u00f3n del mismo, el cliente acepta las condiciones y servicios que se detallan en los siguientes p\u00e1rrafos, de forma individual y\/o representando al grupo de inscripci\u00f3n, el uso de los servicios ofrecidos est\u00e1 condicionado a la aceptaci\u00f3n total de&hellip;\" \/>\n<meta property=\"og:url\" content=\"https:\/\/www.intercambiosantiago.com\/es\/terminos-y-condiciones\/\" \/>\n<meta property=\"article:modified_time\" content=\"2022-06-29T13:38:48+00:00\" \/>\n<meta name=\"twitter:card\" content=\"summary_large_image\" \/>\n<meta name=\"twitter:label1\" content=\"Tiempo de lectura\" \/>\n\t<meta name=\"twitter:data1\" content=\"12 minutos\" \/>\n<script type=\"application\/ld+json\" class=\"yoast-schema-graph\">{\"@context\":\"https:\\\/\\\/schema.org\",\"@graph\":[{\"@type\":\"WebPage\",\"@id\":\"https:\\\/\\\/www.intercambiosantiago.com\\\/es\\\/terminos-y-condiciones\\\/\",\"url\":\"https:\\\/\\\/www.intercambiosantiago.com\\\/es\\\/terminos-y-condiciones\\\/\",\"name\":\"Terminos y Condiciones -\",\"isPartOf\":{\"@id\":\"https:\\\/\\\/www.intercambiosantiago.com\\\/#website\"},\"datePublished\":\"2022-05-10T11:13:14+00:00\",\"dateModified\":\"2022-06-29T13:38:48+00:00\",\"breadcrumb\":{\"@id\":\"https:\\\/\\\/www.intercambiosantiago.com\\\/es\\\/terminos-y-condiciones\\\/#breadcrumb\"},\"inLanguage\":\"es\",\"potentialAction\":[{\"@type\":\"ReadAction\",\"target\":[\"https:\\\/\\\/www.intercambiosantiago.com\\\/es\\\/terminos-y-condiciones\\\/\"]}]},{\"@type\":\"BreadcrumbList\",\"@id\":\"https:\\\/\\\/www.intercambiosantiago.com\\\/es\\\/terminos-y-condiciones\\\/#breadcrumb\",\"itemListElement\":[{\"@type\":\"ListItem\",\"position\":1,\"name\":\"Home\",\"item\":\"https:\\\/\\\/www.intercambiosantiago.com\\\/es\\\/\"},{\"@type\":\"ListItem\",\"position\":2,\"name\":\"Terminos y Condiciones\"}]},{\"@type\":\"WebSite\",\"@id\":\"https:\\\/\\\/www.intercambiosantiago.com\\\/#website\",\"url\":\"https:\\\/\\\/www.intercambiosantiago.com\\\/\",\"name\":\"\",\"description\":\"Para estudiantes de intercambio en Chile\",\"potentialAction\":[{\"@type\":\"SearchAction\",\"target\":{\"@type\":\"EntryPoint\",\"urlTemplate\":\"https:\\\/\\\/www.intercambiosantiago.com\\\/?s={search_term_string}\"},\"query-input\":{\"@type\":\"PropertyValueSpecification\",\"valueRequired\":true,\"valueName\":\"search_term_string\"}}],\"inLanguage\":\"es\"}]}<\/script>\n<!-- \/ Yoast SEO plugin. -->","yoast_head_json":{"title":"Terminos y Condiciones -","robots":{"index":"index","follow":"follow","max-snippet":"max-snippet:-1","max-image-preview":"max-image-preview:large","max-video-preview":"max-video-preview:-1"},"canonical":"https:\/\/www.intercambiosantiago.com\/es\/terminos-y-condiciones\/","og_locale":"es_ES","og_type":"article","og_title":"Terminos y Condiciones -","og_description":"[vc_row][vc_column][vc_empty_space][\/vc_column][\/vc_row][vc_row][vc_column][vc_column_text color=&#8221;#3687c4&#8243;]T\u00e9rminos &amp;\u00a0Condiciones Una vez reservado un viaje con Intercambio en Santiago SpA y realizada la confirmaci\u00f3n del mismo, el cliente acepta las condiciones y servicios que se detallan en los siguientes p\u00e1rrafos, de forma individual y\/o representando al grupo de inscripci\u00f3n, el uso de los servicios ofrecidos est\u00e1 condicionado a la aceptaci\u00f3n total de&hellip;","og_url":"https:\/\/www.intercambiosantiago.com\/es\/terminos-y-condiciones\/","article_modified_time":"2022-06-29T13:38:48+00:00","twitter_card":"summary_large_image","twitter_misc":{"Tiempo de lectura":"12 minutos"},"schema":{"@context":"https:\/\/schema.org","@graph":[{"@type":"WebPage","@id":"https:\/\/www.intercambiosantiago.com\/es\/terminos-y-condiciones\/","url":"https:\/\/www.intercambiosantiago.com\/es\/terminos-y-condiciones\/","name":"Terminos y Condiciones -","isPartOf":{"@id":"https:\/\/www.intercambiosantiago.com\/#website"},"datePublished":"2022-05-10T11:13:14+00:00","dateModified":"2022-06-29T13:38:48+00:00","breadcrumb":{"@id":"https:\/\/www.intercambiosantiago.com\/es\/terminos-y-condiciones\/#breadcrumb"},"inLanguage":"es","potentialAction":[{"@type":"ReadAction","target":["https:\/\/www.intercambiosantiago.com\/es\/terminos-y-condiciones\/"]}]},{"@type":"BreadcrumbList","@id":"https:\/\/www.intercambiosantiago.com\/es\/terminos-y-condiciones\/#breadcrumb","itemListElement":[{"@type":"ListItem","position":1,"name":"Home","item":"https:\/\/www.intercambiosantiago.com\/es\/"},{"@type":"ListItem","position":2,"name":"Terminos y Condiciones"}]},{"@type":"WebSite","@id":"https:\/\/www.intercambiosantiago.com\/#website","url":"https:\/\/www.intercambiosantiago.com\/","name":"","description":"Para estudiantes de intercambio en Chile","potentialAction":[{"@type":"SearchAction","target":{"@type":"EntryPoint","urlTemplate":"https:\/\/www.intercambiosantiago.com\/?s={search_term_string}"},"query-input":{"@type":"PropertyValueSpecification","valueRequired":true,"valueName":"search_term_string"}}],"inLanguage":"es"}]}},"jetpack_sharing_enabled":true,"_links":{"self":[{"href":"https:\/\/www.intercambiosantiago.com\/es\/wp-json\/wp\/v2\/pages\/512","targetHints":{"allow":["GET"]}}],"collection":[{"href":"https:\/\/www.intercambiosantiago.com\/es\/wp-json\/wp\/v2\/pages"}],"about":[{"href":"https:\/\/www.intercambiosantiago.com\/es\/wp-json\/wp\/v2\/types\/page"}],"author":[{"embeddable":true,"href":"https:\/\/www.intercambiosantiago.com\/es\/wp-json\/wp\/v2\/users\/1"}],"replies":[{"embeddable":true,"href":"https:\/\/www.intercambiosantiago.com\/es\/wp-json\/wp\/v2\/comments?post=512"}],"version-history":[{"count":3,"href":"https:\/\/www.intercambiosantiago.com\/es\/wp-json\/wp\/v2\/pages\/512\/revisions"}],"predecessor-version":[{"id":515,"href":"https:\/\/www.intercambiosantiago.com\/es\/wp-json\/wp\/v2\/pages\/512\/revisions\/515"}],"wp:attachment":[{"href":"https:\/\/www.intercambiosantiago.com\/es\/wp-json\/wp\/v2\/media?parent=512"}],"curies":[{"name":"wp","href":"https:\/\/api.w.org\/{rel}","templated":true}]}}